{"id":1332,"date":"2020-06-11T17:23:18","date_gmt":"2020-06-11T17:23:18","guid":{"rendered":"https:\/\/www.vscpe.com\/?page_id=1332"},"modified":"2020-06-25T17:29:36","modified_gmt":"2020-06-25T17:29:36","slug":"quienes-somos","status":"publish","type":"page","link":"https:\/\/www.vscpe.com\/?page_id=1332","title":{"rendered":"Qui\u00e9nes Somos"},"content":{"rendered":"<p>[vc_row][vc_column][vc_empty_space alter_height=&#8221;small&#8221; hide_on_mobile=&#8221;&#8221;][vc_empty_space alter_height=&#8221;small&#8221; hide_on_mobile=&#8221;1&#8243;][\/vc_column][\/vc_row][vc_row][vc_column width=&#8221;1\/2&#8243;]<div id=\"sc_title_2064261612\"\r\n\t\tclass=\"sc_title sc_title_default\"><h6 class=\"sc_item_subtitle sc_title_subtitle sc_align_default sc_item_title_style_default\">Somos VSC Per\u00fa<\/h6><h3 class=\"sc_item_title sc_title_title sc_align_default sc_item_title_style_default\">Somos personas que ayudamos a que elijan el mejor producto para casa y negocio.<b> Tu integridad y la de tu familia es lo m\u00e1s importante,<\/b> por eso estamos aqu\u00ed.<\/h3><div class=\"sc_item_button sc_item_button_default sc_title_button sc_align_default sc_button_wrap\"><a href=\"https:\/\/www.vscpe.com\/productos\/\" id=\"sc_button_1854886827\" class=\"sc_button sc_button_default sc_button_size_normal sc_button_icon_left\"><span class=\"sc_button_text\"><span class=\"sc_button_title\">Ver Productos<\/span><\/span><!-- \/.sc_button_text --><\/a><!-- \/.sc_button --><\/div><!-- \/.sc_item_button sc_item_button_default sc_title_button sc_align_default --><\/div><!-- \/.sc_title -->[\/vc_column][vc_column width=&#8221;1\/2&#8243;][vc_empty_space alter_height=&#8221;medium&#8221; hide_on_mobile=&#8221;1&#8243;][vc_single_image image=&#8221;1466&#8243; img_size=&#8221;full&#8221;][\/vc_column][\/vc_row][vc_row][vc_column][vc_separator]<div id=\"sc_title_1791059604\"\r\n\t\tclass=\"sc_title sc_title_default\"><h3 class=\"sc_item_title sc_title_title sc_align_default sc_item_title_style_default\">Objetivos y \u00c9tica<\/h3><\/div><!-- \/.sc_title -->[vc_column_text]<strong><span style=\"color: #ff0000;\">MISI\u00d3N<\/span><\/strong><br \/>\nSer la primera opci\u00f3n en la adquisici\u00f3n de soluciones de videovigilancia y seguridad.<\/p>\n<p><strong><span style=\"color: #ff0000;\">VISI\u00d3N<\/span><\/strong><br \/>\nOfrecer la mejor experiencia de compra proporcionando productos y servicios de alta calidad.<\/p>\n<p><strong><span style=\"color: #ff0000;\">CONFIANZA<\/span><\/strong><br \/>\nEn VSC PER\u00da estamos convencidos que es la base de toda relaci\u00f3n; por ello, la construimos, cuidamos y mantenemos como objetivo principal.<\/p>\n<p><strong><span style=\"color: #ff0000;\">COMPROMISO<\/span><\/strong><br \/>\nLa promesa de ofrecer el mejor producto y servicio de videovigilancia a nuestros clientes es primordial para nosotros porque nos permite dar la mejor experiencia y cumplir con las expectativas.<\/p>\n<p><strong><span style=\"color: #ff0000;\">PASI\u00d3N<\/span><\/strong><br \/>\nDisfrutamos lo que hacemos. en nuestro adn est\u00e1 el servicio, atenci\u00f3n y satisfacci\u00f3n de todos nuestros clientes. nuestra raz\u00f3n de ser es ayudarlos a que se sientan protegidos en sus hogares y negocios.<\/p>\n<p>[\/vc_column_text][\/vc_column][\/vc_row][vc_row][vc_column][vc_empty_space height=&#8221;52px&#8221; hide_on_mobile=&#8221;&#8221;][\/vc_column][\/vc_row]<\/p>\n","protected":false},"excerpt":{"rendered":"<p>[vc_row][vc_column][vc_empty_space alter_height=&#8221;small&#8221; hide_on_mobile=&#8221;&#8221;][vc_empty_space alter_height=&#8221;small&#8221; hide_on_mobile=&#8221;1&#8243;][\/vc_column][\/vc_row][vc_row][vc_column width=&#8221;1\/2&#8243;][\/vc_column][vc_column width=&#8221;1\/2&#8243;][vc_empty_space alter_height=&#8221;medium&#8221; hide_on_mobile=&#8221;1&#8243;][vc_single_image image=&#8221;1466&#8243; img_size=&#8221;full&#8221;][\/vc_column][\/vc_row][vc_row][vc_column][vc_separator][vc_column_text]MISI\u00d3N Ser la primera opci\u00f3n en la adquisici\u00f3n de soluciones de videovigilancia y seguridad. VISI\u00d3N Ofrecer la mejor experiencia de&hellip;<\/p>\n","protected":false},"author":1,"featured_media":0,"parent":0,"menu_order":0,"comment_status":"closed","ping_status":"closed","template":"","meta":{"_joinchat":[]},"_links":{"self":[{"href":"https:\/\/www.vscpe.com\/index.php?rest_route=\/wp\/v2\/pages\/1332"}],"collection":[{"href":"https:\/\/www.vscpe.com\/index.php?rest_route=\/wp\/v2\/pages"}],"about":[{"href":"https:\/\/www.vscpe.com\/index.php?rest_route=\/wp\/v2\/types\/page"}],"author":[{"embeddable":true,"href":"https:\/\/www.vscpe.com\/index.php?rest_route=\/wp\/v2\/users\/1"}],"replies":[{"embeddable":true,"href":"https:\/\/www.vscpe.com\/index.php?rest_route=%2Fwp%2Fv2%2Fcomments&post=1332"}],"version-history":[{"count":25,"href":"https:\/\/www.vscpe.com\/index.php?rest_route=\/wp\/v2\/pages\/1332\/revisions"}],"predecessor-version":[{"id":1730,"href":"https:\/\/www.vscpe.com\/index.php?rest_route=\/wp\/v2\/pages\/1332\/revisions\/1730"}],"wp:attachment":[{"href":"https:\/\/www.vscpe.com\/index.php?rest_route=%2Fwp%2Fv2%2Fmedia&parent=1332"}],"curies":[{"name":"wp","href":"https:\/\/api.w.org\/{rel}","templated":true}]}}