{"id":1488,"date":"2020-06-16T18:13:52","date_gmt":"2020-06-16T18:13:52","guid":{"rendered":"https:\/\/www.vscpe.com\/?page_id=1488"},"modified":"2020-06-18T17:35:41","modified_gmt":"2020-06-18T17:35:41","slug":"recomendaciones","status":"publish","type":"page","link":"https:\/\/www.vscpe.com\/?page_id=1488","title":{"rendered":"Recomendaciones"},"content":{"rendered":"<p>[vc_row][vc_column width=&#8221;2\/3&#8243; css=&#8221;.vc_custom_1592332885103{margin-right: -20px !important;margin-left: -20px !important;}&#8221;][vc_empty_space height=&#8221;20px&#8221; alter_height=&#8221;medium&#8221; hide_on_mobile=&#8221;&#8221;][vc_column_text]<\/p>\n<div class=\"m_summary\">\n<ul>\n<li>\n<h6>Cuando salgas a la calle verifica si hay personas extra\u00f1as en la zona donde vives.<\/h6>\n<\/li>\n<\/ul>\n<div class=\"m_summary_content\">\n<div class=\"m_video\"><\/div>\n<div class=\"m_text\">\n<div class=\"m_text_content\">\n<p><img decoding=\"async\" loading=\"lazy\" class=\"alignnone size-medium wp-image-1474\" src=\"https:\/\/www.vscpe.com\/wp-content\/uploads\/2020\/06\/001-300x164.jpg\" alt=\"\" width=\"300\" height=\"164\" srcset=\"https:\/\/www.vscpe.com\/wp-content\/uploads\/2020\/06\/001-300x164.jpg 300w, https:\/\/www.vscpe.com\/wp-content\/uploads\/2020\/06\/001-370x202.jpg 370w, https:\/\/www.vscpe.com\/wp-content\/uploads\/2020\/06\/001.jpg 500w\" sizes=\"(max-width: 300px) 100vw, 300px\" \/><\/p>\n<\/div>\n<\/div>\n<\/div>\n<\/div>\n<p>[\/vc_column_text][vc_empty_space alter_height=&#8221;medium&#8221; hide_on_mobile=&#8221;&#8221;][vc_column_text]<\/p>\n<div class=\"m_summary\">\n<ul>\n<li>\n<h6>Siempre ten en tu celular el numero de emergencias como primer contacto.<\/h6>\n<\/li>\n<\/ul>\n<div class=\"m_summary_content\">\n<div class=\"m_text\">\n<div class=\"m_text_content\">\n<p><img decoding=\"async\" loading=\"lazy\" class=\"alignnone size-medium wp-image-1475\" src=\"https:\/\/www.vscpe.com\/wp-content\/uploads\/2020\/06\/002-300x164.jpg\" alt=\"\" width=\"300\" height=\"164\" srcset=\"https:\/\/www.vscpe.com\/wp-content\/uploads\/2020\/06\/002-300x164.jpg 300w, https:\/\/www.vscpe.com\/wp-content\/uploads\/2020\/06\/002-370x202.jpg 370w, https:\/\/www.vscpe.com\/wp-content\/uploads\/2020\/06\/002.jpg 500w\" sizes=\"(max-width: 300px) 100vw, 300px\" \/><\/p>\n<\/div>\n<\/div>\n<\/div>\n<\/div>\n<p>[\/vc_column_text][vc_empty_space alter_height=&#8221;medium&#8221; hide_on_mobile=&#8221;&#8221;][vc_column_text]<\/p>\n<div class=\"m_summary\">\n<ul>\n<li>\n<h6>Si tienes hijos peque\u00f1os y tienes que dejarlos en casa, ten la seguridad que los dejas con personas de confianza (Abuelos, hermano, etc).<\/h6>\n<\/li>\n<\/ul>\n<\/div>\n<div class=\"m_summary\">\n<div class=\"m_summary_content\">\n<div class=\"m_text\">\n<div class=\"m_text_content\"><\/div>\n<\/div>\n<\/div>\n<\/div>\n<div class=\"m_summary\">\n<p><strong class=\"m_summary_title\"><img decoding=\"async\" loading=\"lazy\" class=\"alignnone size-medium wp-image-1476\" src=\"https:\/\/www.vscpe.com\/wp-content\/uploads\/2020\/06\/003-300x164.jpg\" alt=\"\" width=\"300\" height=\"164\" srcset=\"https:\/\/www.vscpe.com\/wp-content\/uploads\/2020\/06\/003-300x164.jpg 300w, https:\/\/www.vscpe.com\/wp-content\/uploads\/2020\/06\/003-370x202.jpg 370w, https:\/\/www.vscpe.com\/wp-content\/uploads\/2020\/06\/003.jpg 500w\" sizes=\"(max-width: 300px) 100vw, 300px\" \/><\/strong><\/p>\n<\/div>\n<p>[\/vc_column_text][vc_empty_space alter_height=&#8221;medium&#8221; hide_on_mobile=&#8221;&#8221;][vc_column_text]<\/p>\n<div class=\"m_summary\">\n<div class=\"m_summary_content\"><\/div>\n<\/div>\n<div class=\"m_summary\">\n<ul>\n<li>\n<h6>Si utilizas un veh\u00edculo externo para movilizarte (Uber o parecidos), siempre env\u00eda tu ubicaci\u00f3n a la persona que te espera.<\/h6>\n<\/li>\n<\/ul>\n<\/div>\n<div>\n<p><img decoding=\"async\" loading=\"lazy\" class=\"alignnone size-medium wp-image-1478\" src=\"https:\/\/www.vscpe.com\/wp-content\/uploads\/2020\/06\/004-300x164.jpg\" alt=\"\" width=\"300\" height=\"164\" srcset=\"https:\/\/www.vscpe.com\/wp-content\/uploads\/2020\/06\/004-300x164.jpg 300w, https:\/\/www.vscpe.com\/wp-content\/uploads\/2020\/06\/004-370x202.jpg 370w, https:\/\/www.vscpe.com\/wp-content\/uploads\/2020\/06\/004.jpg 500w\" sizes=\"(max-width: 300px) 100vw, 300px\" \/><\/p>\n<\/div>\n<p>[\/vc_column_text][vc_empty_space alter_height=&#8221;medium&#8221; hide_on_mobile=&#8221;&#8221;][vc_column_text]<\/p>\n<div class=\"m_summary\">\n<div class=\"m_summary_content\">\n<div class=\"m_text\"><\/div>\n<\/div>\n<\/div>\n<div class=\"m_summary\">\n<ul>\n<li>\n<h6>No tengas grandes cantidades de dinero u objetos de valor guardado en casa.<\/h6>\n<\/li>\n<\/ul>\n<div class=\"m_summary_content\">\n<div class=\"m_text\">\n<div class=\"m_text_content\">\n<p><img decoding=\"async\" loading=\"lazy\" class=\"alignnone size-medium wp-image-1479\" src=\"https:\/\/www.vscpe.com\/wp-content\/uploads\/2020\/06\/005-300x164.jpg\" alt=\"\" width=\"300\" height=\"164\" srcset=\"https:\/\/www.vscpe.com\/wp-content\/uploads\/2020\/06\/005-300x164.jpg 300w, https:\/\/www.vscpe.com\/wp-content\/uploads\/2020\/06\/005-370x202.jpg 370w, https:\/\/www.vscpe.com\/wp-content\/uploads\/2020\/06\/005.jpg 500w\" sizes=\"(max-width: 300px) 100vw, 300px\" \/><\/p>\n<\/div>\n<\/div>\n<\/div>\n<\/div>\n<p>[\/vc_column_text][vc_empty_space alter_height=&#8221;medium&#8221; hide_on_mobile=&#8221;&#8221;][vc_column_text]<\/p>\n<div class=\"m_summary\">\n<div class=\"m_summary_content\">\n<div class=\"m_text\"><\/div>\n<\/div>\n<\/div>\n<div class=\"m_summary\">\n<div class=\"m_summary_content\">\n<div class=\"m_text\">\n<div class=\"m_text_content\">\n<ul>\n<li>\n<h6>Cambia constantemente los horarios de cierre de tu negocio, de esta forma evitas seguimiento de parte del ladr\u00f3n.<\/h6>\n<\/li>\n<\/ul>\n<\/div>\n<\/div>\n<\/div>\n<\/div>\n<div class=\"m_summary\">\n<div class=\"m_summary_content\"><img decoding=\"async\" loading=\"lazy\" class=\"alignnone size-medium wp-image-1481\" src=\"https:\/\/www.vscpe.com\/wp-content\/uploads\/2020\/06\/007-300x164.jpg\" alt=\"\" width=\"300\" height=\"164\" srcset=\"https:\/\/www.vscpe.com\/wp-content\/uploads\/2020\/06\/007-300x164.jpg 300w, https:\/\/www.vscpe.com\/wp-content\/uploads\/2020\/06\/007-370x202.jpg 370w, https:\/\/www.vscpe.com\/wp-content\/uploads\/2020\/06\/007.jpg 500w\" sizes=\"(max-width: 300px) 100vw, 300px\" \/><\/div>\n<\/div>\n<p>[\/vc_column_text][vc_empty_space alter_height=&#8221;medium&#8221; hide_on_mobile=&#8221;&#8221;][vc_column_text]<\/p>\n<div class=\"m_summary\">\n<div class=\"m_summary_content\">\n<div class=\"m_text\"><\/div>\n<\/div>\n<\/div>\n<div class=\"m_summary\">\n<div>\n<ul>\n<li>\n<h6>No compartas la contrase\u00f1a de acceso a tus c\u00e1maras, esto es exclusivamente para los miembros que vivan en tu casa.<\/h6>\n<\/li>\n<\/ul>\n<\/div>\n<div class=\"m_summary_content\">\n<div class=\"m_text\">\n<div class=\"m_text_content\">\n<p><img decoding=\"async\" loading=\"lazy\" class=\"alignnone size-medium wp-image-1482\" src=\"https:\/\/www.vscpe.com\/wp-content\/uploads\/2020\/06\/008-300x164.jpg\" alt=\"\" width=\"300\" height=\"164\" srcset=\"https:\/\/www.vscpe.com\/wp-content\/uploads\/2020\/06\/008-300x164.jpg 300w, https:\/\/www.vscpe.com\/wp-content\/uploads\/2020\/06\/008-370x202.jpg 370w, https:\/\/www.vscpe.com\/wp-content\/uploads\/2020\/06\/008.jpg 500w\" sizes=\"(max-width: 300px) 100vw, 300px\" \/><\/p>\n<\/div>\n<\/div>\n<\/div>\n<\/div>\n<p>[\/vc_column_text][vc_empty_space alter_height=&#8221;medium&#8221; hide_on_mobile=&#8221;&#8221;][\/vc_column][vc_column width=&#8221;1\/3&#8243;][vc_empty_space height=&#8221;20px&#8221; alter_height=&#8221;medium&#8221; hide_on_mobile=&#8221;&#8221;][vc_wp_search title=&#8221;Buscar C\u00e1mara&#8221;][vc_empty_space height=&#8221;20px&#8221; alter_height=&#8221;medium&#8221; hide_on_mobile=&#8221;&#8221;][vc_column_text]<\/p>\n<h5>Noticias en Facebook<\/h5>\n<p>[\/vc_column_text][vc_column_text css=&#8221;.vc_custom_1592333056794{margin-right: -30px !important;}&#8221;]<iframe loading=\"lazy\" style=\"border: none; overflow: hidden;\" src=\"https:\/\/www.facebook.com\/plugins\/page.php?href=https%3A%2F%2Fweb.facebook.com%2FVSC-Per%25C3%25BA-100308511649177%2F&amp;tabs=timeline&amp;width=340&amp;height=935&amp;small_header=true&amp;adapt_container_width=true&amp;hide_cover=true&amp;show_facepile=false&amp;appId\" width=\"340\" height=\"935\" frameborder=\"0\" scrolling=\"no\"><\/iframe>[\/vc_column_text][\/vc_column][\/vc_row]<\/p>\n","protected":false},"excerpt":{"rendered":"<p>[vc_row][vc_column width=&#8221;2\/3&#8243; css=&#8221;.vc_custom_1592332885103{margin-right: -20px !important;margin-left: -20px !important;}&#8221;][vc_empty_space height=&#8221;20px&#8221; alter_height=&#8221;medium&#8221; hide_on_mobile=&#8221;&#8221;][vc_column_text] Cuando salgas a la calle verifica si hay personas extra\u00f1as en la zona donde vives. [\/vc_column_text][vc_empty_space alter_height=&#8221;medium&#8221; hide_on_mobile=&#8221;&#8221;][vc_column_text] Siempre ten&hellip;<\/p>\n","protected":false},"author":1,"featured_media":0,"parent":0,"menu_order":0,"comment_status":"closed","ping_status":"closed","template":"","meta":{"_joinchat":[]},"_links":{"self":[{"href":"https:\/\/www.vscpe.com\/index.php?rest_route=\/wp\/v2\/pages\/1488"}],"collection":[{"href":"https:\/\/www.vscpe.com\/index.php?rest_route=\/wp\/v2\/pages"}],"about":[{"href":"https:\/\/www.vscpe.com\/index.php?rest_route=\/wp\/v2\/types\/page"}],"author":[{"embeddable":true,"href":"https:\/\/www.vscpe.com\/index.php?rest_route=\/wp\/v2\/users\/1"}],"replies":[{"embeddable":true,"href":"https:\/\/www.vscpe.com\/index.php?rest_route=%2Fwp%2Fv2%2Fcomments&post=1488"}],"version-history":[{"count":28,"href":"https:\/\/www.vscpe.com\/index.php?rest_route=\/wp\/v2\/pages\/1488\/revisions"}],"predecessor-version":[{"id":1528,"href":"https:\/\/www.vscpe.com\/index.php?rest_route=\/wp\/v2\/pages\/1488\/revisions\/1528"}],"wp:attachment":[{"href":"https:\/\/www.vscpe.com\/index.php?rest_route=%2Fwp%2Fv2%2Fmedia&parent=1488"}],"curies":[{"name":"wp","href":"https:\/\/api.w.org\/{rel}","templated":true}]}}