{"id":1489,"date":"2020-06-16T18:20:23","date_gmt":"2020-06-16T18:20:23","guid":{"rendered":"https:\/\/www.vscpe.com\/?page_id=1489"},"modified":"2020-06-25T18:20:40","modified_gmt":"2020-06-25T18:20:40","slug":"preguntas-frecuentes","status":"publish","type":"page","link":"https:\/\/www.vscpe.com\/?page_id=1489","title":{"rendered":"Preguntas Frecuentes"},"content":{"rendered":"<p>[vc_row][vc_column][vc_column_text]<\/p>\n<div class=\"m_summary\">\n<p>\u00bfNecesita informaci\u00f3n extra sobre las c\u00e1maras VSC Per\u00fa? \u00bfTiene dudas sobre su funcionamiento? A continuaci\u00f3n, puede encontrar las respuestas a las preguntas m\u00e1s habituales.<\/p>\n<\/div>\n<p>[\/vc_column_text][vc_empty_space alter_height=&#8221;medium&#8221; hide_on_mobile=&#8221;&#8221;][vc_tta_tour][vc_tta_section title=&#8221;\u00bfQu\u00e9 son c\u00e1maras an\u00e1logas?&#8221; tab_id=&#8221;1592504184603-3aad8e79-ad9f&#8221;][vc_column_text]<\/p>\n<p style=\"text-align: justify;\">Una <strong>c\u00e1mara anal\u00f3gica<\/strong> es una c\u00e1mara tradicional utilizada en los sistemas <strong>CCTV.<\/strong> Env\u00eda informaci\u00f3n de audio y video a trav\u00e9s de cables y se centraliza en un monitor o pantalla.<\/p>\n<p>[\/vc_column_text][\/vc_tta_section][vc_tta_section title=&#8221;\u00bfQu\u00e9 son c\u00e1maras IP?&#8221; tab_id=&#8221;1592504184619-0b5dd4f4-c782&#8243;][vc_column_text]Esta <strong>tecnologia IP<\/strong> utiliza el internet para poder transmitir informacion trabaja con modo wifi.[\/vc_column_text][\/vc_tta_section][vc_tta_section title=&#8221;\u00bfEn que se diferencia una c\u00e1mara an\u00e1loga con IP?&#8221; tab_id=&#8221;1592504416271-a50fcd14-9ac8&#8243;][vc_column_text]<\/p>\n<p style=\"text-align: justify;\"><strong><span style=\"color: #ff0000;\">En calidad de Video<\/span><\/strong><br \/>\nLas c\u00e1maras IP ofrecen mejor capacidad de acercamiento o zoom.<br \/>\nLas c\u00e1maras CCTV trabajan mejor en condiciones de poca luz.<\/p>\n<p><strong><span style=\"color: #ff0000;\">En Resoluci\u00f3n<\/span><\/strong><br \/>\nLas c\u00e1maras anal\u00f3gicas resoluci\u00f3n est\u00e1ndar NTSC\/PAL de 720 x 480 p\u00edxeles (NTSC) \/ 575 (PAL) o 0,4 megap\u00edxeles (4CIF). Las resoluciones de las c\u00e1maras anal\u00f3gicas var\u00edan entre 420 a 700; lo cual hace que en la parte alta podamos tener im\u00e1genes n\u00edtidas.<br \/>\nLas c\u00e1maras IP ofrecen resoluciones que van desde 1.3 megap\u00edxeles hasta 5 megap\u00edxeles (2560 x 1920) comprimidas y codificadas. Esto le permitir\u00e1 cubrir un \u00e1rea mucho m\u00e1s amplia de observaci\u00f3n y cuando realice un zoom, obtener im\u00e1genes m\u00e1s detalladas.<br \/>\nEn La distancia<br \/>\nLas c\u00e1maras anal\u00f3gicas pueden enviar video sobre cable de par trenzado hasta 1,5 kil\u00f3metros de distancia y hasta 300 metros sobre cable coaxial.<br \/>\nLas c\u00e1maras IP pueden enviar video digital a 100 metros por cable Ethernet de par trenzado y a distancias ilimitadas mediante redes IP.<\/p>\n<p><strong><span style=\"color: #ff0000;\">En Costos<\/span><\/strong><br \/>\nSe cree que los sistemas de las c\u00e1maras IP son m\u00e1s caros porque el costo de las c\u00e1maras es superior al de las anal\u00f3gicas, aunque el precio de las c\u00e1maras IP sigue bajando. Pero el costo total puede ser menor de lo previsto debido a los menores costos del cableado, equipos de grabaci\u00f3n y mano de obra.<\/p>\n<p>[\/vc_column_text][\/vc_tta_section][vc_tta_section title=&#8221;\u00bfCu\u00e1les son las diferencias en las c\u00e1maras hd, full hd, 2k y 4k?&#8221; tab_id=&#8221;1592504493963-0f945f91-a297&#8243;][vc_column_text]<\/p>\n<p style=\"text-align: justify;\"><strong><span style=\"color: #ff0000;\">\u00bfCu\u00e1l es la resoluci\u00f3n 2k?<\/span><\/strong><br \/>\nLa se\u00f1al de\u00a02K\u00a0tiene 2048\u00d71080. Las sucesivas resoluciones son m\u00faltiplos de\u00a02K, as\u00ed 4K son 4096\u00d72160 p\u00edxeles<\/p>\n<p><strong><span style=\"color: #ff0000;\">\u00bf Cu\u00e1l es la resoluci\u00f3n Full HD?<\/span><\/strong><br \/>\nLa alta definici\u00f3n (AD), m\u00e1s conocida como HD (siglas del ingl\u00e9s High Definition), es un sistema de imagen, v\u00eddeo o sonido con mayor resoluci\u00f3n que la definici\u00f3n est\u00e1ndar, alcanzando resoluciones de 1280\u00d7720 p\u00edxeles y 1920\u00d71080 p\u00edxeles.<\/p>\n<p style=\"text-align: justify;\"><strong><span style=\"color: #ff0000;\">\u00bfCu\u00e1l es la diferencia en 4k y Full HD?<\/span><\/strong><br \/>\nLa principal\u00a0diferencia\u00a0entre\u00a0HD\u00a0y los formatos Ultra\u00a0HD\u00a0y\u00a04K\u00a0es que estos \u00faltimos cuentan con mejor calidad y cantidad de p\u00edxeles. Ultra\u00a0HD\u00a0tiene una resoluci\u00f3n de 3840\u00d72160 p\u00edxeles y un color de 10 bits. Mientras que\u00a04K\u00a0cuenta con 4096\u00d72160 p\u00edxeles y una profundidad de color de 12 bits.<\/p>\n<p>[\/vc_column_text][\/vc_tta_section][\/vc_tta_tour][\/vc_column][\/vc_row]<\/p>\n","protected":false},"excerpt":{"rendered":"<p>[vc_row][vc_column][vc_column_text] \u00bfNecesita informaci\u00f3n extra sobre las c\u00e1maras VSC Per\u00fa? \u00bfTiene dudas sobre su funcionamiento? A continuaci\u00f3n, puede encontrar las respuestas a las preguntas m\u00e1s habituales. [\/vc_column_text][vc_empty_space alter_height=&#8221;medium&#8221; hide_on_mobile=&#8221;&#8221;][vc_tta_tour][vc_tta_section title=&#8221;\u00bfQu\u00e9 son&hellip;<\/p>\n","protected":false},"author":1,"featured_media":0,"parent":0,"menu_order":0,"comment_status":"closed","ping_status":"closed","template":"","meta":{"_joinchat":[]},"_links":{"self":[{"href":"https:\/\/www.vscpe.com\/index.php?rest_route=\/wp\/v2\/pages\/1489"}],"collection":[{"href":"https:\/\/www.vscpe.com\/index.php?rest_route=\/wp\/v2\/pages"}],"about":[{"href":"https:\/\/www.vscpe.com\/index.php?rest_route=\/wp\/v2\/types\/page"}],"author":[{"embeddable":true,"href":"https:\/\/www.vscpe.com\/index.php?rest_route=\/wp\/v2\/users\/1"}],"replies":[{"embeddable":true,"href":"https:\/\/www.vscpe.com\/index.php?rest_route=%2Fwp%2Fv2%2Fcomments&post=1489"}],"version-history":[{"count":9,"href":"https:\/\/www.vscpe.com\/index.php?rest_route=\/wp\/v2\/pages\/1489\/revisions"}],"predecessor-version":[{"id":1742,"href":"https:\/\/www.vscpe.com\/index.php?rest_route=\/wp\/v2\/pages\/1489\/revisions\/1742"}],"wp:attachment":[{"href":"https:\/\/www.vscpe.com\/index.php?rest_route=%2Fwp%2Fv2%2Fmedia&parent=1489"}],"curies":[{"name":"wp","href":"https:\/\/api.w.org\/{rel}","templated":true}]}}